{"id":122,"date":"2014-10-22T15:48:50","date_gmt":"2014-10-22T19:48:50","guid":{"rendered":"https:\/\/cordessuzuki.com\/?page_id=122"},"modified":"2017-08-23T15:34:38","modified_gmt":"2017-08-23T19:34:38","slug":"bio-de-kirsten-madsen","status":"publish","type":"page","link":"https:\/\/cordessuzuki.com\/?page_id=122","title":{"rendered":"Bio de Kirsten Madsen"},"content":{"rendered":"<p style=\"color: #333333;\">(English below)<br \/>\n<strong>Kirsten Madsen<\/strong> a fait ses d\u00e9buts au violoncelle en utilisant la m\u00e9thode Suzuki. En tant qu\u2019\u00e9tudiante, elle a rafl\u00e9 plusieurs honneurs et comp\u00e9tions. Elle poursuit ses \u00e9tudes avec le violoncelliste Wolfgang Laufer et est s\u00e9lectionn\u00e9e pour jouer dans les cours de ma\u00eetres des violoncellistes de renom tels que Truls M\u00f8rk et Sharon Robinson. En 1995 elle devient assistante d\u2019un professeur et commence \u00e0 enseigner la musique.<\/p>\n<p style=\"color: #333333;\">En 1996, elle termine un stage d\u2019un an en enseignement au Georgia Academy of Music avec Dr. Beth Cantrell. En plus de l\u2019enseignement, elle se donne en concert r\u00e9guli\u00e8rement avec un quatuor de cordes et est chef de pupitre adjointe du Dekalb Symphony Orchestra. Elle tient un studio priv\u00e9 et enseigne le violoncelle et le cours d\u2019\u00e9veil musical \u00e0 la Georgia Academy of Music jusqu&#8217;au en 2000 quand elle d\u00e9m\u00e9nage \u00e0 Montr\u00e9al et \u00e9pouse Eric Madsen, professeur de violon Suzuki. Ils partagent un grand studio priv\u00e9 \u00e0 Saint-Lambert. Elle\u00a0est certifi\u00e9 avec la SAA dans les niveaux 1-8 Violoncelle Suzuki, ainsi les cours de groupe. Kirsten est aussi fi\u00e8re maman de huit enfants.<\/p>\n<p><strong>Kirsten Madsen<\/strong> began playing cello at a young age using the Suzuki Method. As a student she won many competitions and honors. She went on to study under cellist Wolfgang Laufer and was chosen to perform in master classes for renowned cellists such as Truls M\u00f8rk and Sharon Robinson.\u00a0In 1995 she became assistant teacher and taught her first cello students.<\/p>\n<p>In 1996 she completed a one year teaching apprenticeship at the Georgia Academy of Music with Dr. Beth Cantrell. She maintained a private studio as well as teaching both cello and Musical Beginnings at the Georgia Academy of Music until 2000. In addition to teaching she performed regularly with a string quartet, and was assistant principal of the Dekalb Symphony Orchestra. Kirsten is a certified SAA cello teacher and has completed the training for levels 1-8 as well as group classes.<\/p>\n<p>In 2000 she moved to Montreal and married Suzuki violin teacher Eric Madsen. They enjoy a large combined private studio in Saint-Lambert. Kirsten is also the proud mother of eight young children.<\/p>\n","protected":false},"excerpt":{"rendered":"<p>(English below) Kirsten Madsen a fait ses d\u00e9buts au violoncelle en utilisant la m\u00e9thode Suzuki. En tant qu\u2019\u00e9tudiante, elle a rafl\u00e9 plusieurs honneurs et comp\u00e9tions. Elle poursuit ses \u00e9tudes avec le violoncelliste Wolfgang Laufer et est s\u00e9lectionn\u00e9e pour jouer dans les cours de ma\u00eetres des violoncellistes de renom tels que Truls M\u00f8rk et Sharon Robinson. &hellip; <\/p>\n<p class=\"link-more\"><a href=\"https:\/\/cordessuzuki.com\/?page_id=122\" class=\"more-link\">Continue reading<span class=\"screen-reader-text\"> &#8220;Bio de Kirsten Madsen&#8221;<\/span><\/a><\/p>\n","protected":false},"author":1,"featured_media":290,"parent":287,"menu_order":9,"comment_status":"open","ping_status":"open","template":"","meta":{"_coblocks_attr":"","_coblocks_dimensions":"","_coblocks_responsive_height":"","_coblocks_accordion_ie_support":"","footnotes":""},"class_list":["post-122","page","type-page","status-publish","has-post-thumbnail","hentry"],"_links":{"self":[{"href":"https:\/\/cordessuzuki.com\/index.php?rest_route=\/wp\/v2\/pages\/122","targetHints":{"allow":["GET"]}}],"collection":[{"href":"https:\/\/cordessuzuki.com\/index.php?rest_route=\/wp\/v2\/pages"}],"about":[{"href":"https:\/\/cordessuzuki.com\/index.php?rest_route=\/wp\/v2\/types\/page"}],"author":[{"embeddable":true,"href":"https:\/\/cordessuzuki.com\/index.php?rest_route=\/wp\/v2\/users\/1"}],"replies":[{"embeddable":true,"href":"https:\/\/cordessuzuki.com\/index.php?rest_route=%2Fwp%2Fv2%2Fcomments&post=122"}],"version-history":[{"count":8,"href":"https:\/\/cordessuzuki.com\/index.php?rest_route=\/wp\/v2\/pages\/122\/revisions"}],"predecessor-version":[{"id":222,"href":"https:\/\/cordessuzuki.com\/index.php?rest_route=\/wp\/v2\/pages\/122\/revisions\/222"}],"up":[{"embeddable":true,"href":"https:\/\/cordessuzuki.com\/index.php?rest_route=\/wp\/v2\/pages\/287"}],"wp:featuredmedia":[{"embeddable":true,"href":"https:\/\/cordessuzuki.com\/index.php?rest_route=\/wp\/v2\/media\/290"}],"wp:attachment":[{"href":"https:\/\/cordessuzuki.com\/index.php?rest_route=%2Fwp%2Fv2%2Fmedia&parent=122"}],"curies":[{"name":"wp","href":"https:\/\/api.w.org\/{rel}","templated":true}]}}