{"id":15,"date":"2014-07-26T00:58:49","date_gmt":"2014-07-26T00:58:49","guid":{"rendered":"https:\/\/cordessuzuki.com\/?page_id=15"},"modified":"2018-08-16T23:31:27","modified_gmt":"2018-08-17T03:31:27","slug":"violoncelles-cellos","status":"publish","type":"page","link":"https:\/\/cordessuzuki.com\/?page_id=15","title":{"rendered":"Violoncelles \/ Cello"},"content":{"rendered":"<p class=\"paragraph_style\" style=\"color: #000000; text-align: center;\">Les cours de groupe de violoncellistes d\u00e9butants auront lieu de 12h \u00e0 13h chaque samedi. Les \u00e9l\u00e8ves en volume 2 et plus auront les cours de groupe de 13h \u00e0 14h \u00a0en alternance\u00a0(mais pas toujours \u00e0 tous les deux semaines) : un samedi pour le groupe\u00a0<span class=\"style\" style=\"font-weight: bold;\">Brun<\/span>, un samedi\u00a0pour le groupe\u00a0<span class=\"style\" style=\"font-weight: bold;\">Vert<\/span>.<\/p>\n<p class=\"paragraph_style\" style=\"color: #000000; text-align: center;\">Les groupes\u00a0<span class=\"style\">Bruns\u00a0<\/span>comprend tous les \u00e9l\u00e8ves des volumes 1-4, tandis que les groupes\u00a0<span class=\"style\">Verts\u00a0<\/span>\u00a0regroupe ceux qui ont atteint le volume 4 et plus. La participation \u00e0 tous les cours de groupe est requise de la part de tous les \u00e9l\u00e8ves. Si vous pr\u00e9voyez manquer un cours de groupe, vous \u00eates pri\u00e9s de nous pr\u00e9venir \u00e0 l&#8217;avance.<span class=\"style\" style=\"font-weight: bold;\">\u00a0Veuillez noter que les frais des cours de groupe et d&#8217;orchestre sont inclus dans les co\u00fbts.<\/span><\/p>\n<p>&nbsp;<\/p>\n","protected":false},"excerpt":{"rendered":"<p>Les cours de groupe de violoncellistes d\u00e9butants auront lieu de 12h \u00e0 13h chaque samedi. Les \u00e9l\u00e8ves en volume 2 et plus auront les cours de groupe de 13h \u00e0 14h \u00a0en alternance\u00a0(mais pas toujours \u00e0 tous les deux semaines) : un samedi pour le groupe\u00a0Brun, un samedi\u00a0pour le groupe\u00a0Vert. Les groupes\u00a0Bruns\u00a0comprend tous les \u00e9l\u00e8ves &hellip; <\/p>\n<p class=\"link-more\"><a href=\"https:\/\/cordessuzuki.com\/?page_id=15\" class=\"more-link\">Continue reading<span class=\"screen-reader-text\"> &#8220;Violoncelles \/ Cello&#8221;<\/span><\/a><\/p>\n","protected":false},"author":1,"featured_media":46,"parent":7,"menu_order":4,"comment_status":"open","ping_status":"open","template":"","meta":{"_coblocks_attr":"","_coblocks_dimensions":"","_coblocks_responsive_height":"","_coblocks_accordion_ie_support":"","footnotes":""},"class_list":["post-15","page","type-page","status-publish","has-post-thumbnail","hentry"],"_links":{"self":[{"href":"https:\/\/cordessuzuki.com\/index.php?rest_route=\/wp\/v2\/pages\/15","targetHints":{"allow":["GET"]}}],"collection":[{"href":"https:\/\/cordessuzuki.com\/index.php?rest_route=\/wp\/v2\/pages"}],"about":[{"href":"https:\/\/cordessuzuki.com\/index.php?rest_route=\/wp\/v2\/types\/page"}],"author":[{"embeddable":true,"href":"https:\/\/cordessuzuki.com\/index.php?rest_route=\/wp\/v2\/users\/1"}],"replies":[{"embeddable":true,"href":"https:\/\/cordessuzuki.com\/index.php?rest_route=%2Fwp%2Fv2%2Fcomments&post=15"}],"version-history":[{"count":11,"href":"https:\/\/cordessuzuki.com\/index.php?rest_route=\/wp\/v2\/pages\/15\/revisions"}],"predecessor-version":[{"id":408,"href":"https:\/\/cordessuzuki.com\/index.php?rest_route=\/wp\/v2\/pages\/15\/revisions\/408"}],"up":[{"embeddable":true,"href":"https:\/\/cordessuzuki.com\/index.php?rest_route=\/wp\/v2\/pages\/7"}],"wp:featuredmedia":[{"embeddable":true,"href":"https:\/\/cordessuzuki.com\/index.php?rest_route=\/wp\/v2\/media\/46"}],"wp:attachment":[{"href":"https:\/\/cordessuzuki.com\/index.php?rest_route=%2Fwp%2Fv2%2Fmedia&parent=15"}],"curies":[{"name":"wp","href":"https:\/\/api.w.org\/{rel}","templated":true}]}}