{"id":167,"date":"2015-08-28T22:43:38","date_gmt":"2015-08-29T02:43:38","guid":{"rendered":"https:\/\/cordessuzuki.com\/?page_id=167"},"modified":"2017-08-23T15:00:42","modified_gmt":"2017-08-23T19:00:42","slug":"la-methode-suzuki-quest-ce-que-cest","status":"publish","type":"page","link":"https:\/\/cordessuzuki.com\/?page_id=167","title":{"rendered":"La m\u00e9thode Suzuki, qu&#8217;est-ce que c&#8217;est ?"},"content":{"rendered":"<div id=\"WEc7dd4d64ac\" class=\"BaseDiv RWidth OEWEText OESK_WEText_Default\" style=\"color: #000000;\">\n<div class=\"OESZ OESZ_DivContent OESZG_WEc7dd4d64ac \"><span class=\"ContentBox\">La m\u00e9thode Suzuki est une p\u00e9dagogie d&#8217;apprentissage de la musique mise au point apr\u00e8s la seconde guerre mondiale, puis approfondie pendant les d\u00e9cennies qui ont suivi, par un homme hors du commun, le Docteur Shini&#8217;chi Suzuki.\u00a0Cette p\u00e9dagogie s&#8217;adresse prioritairement aux jeunes enfants. Sa principale caract\u00e9ristique est de d\u00e9buter par la pratique d&#8217;un instrument en tr\u00e8s bas \u00e2ge d\u00e8s 3 ans, sans recours au solf\u00e8ge ni \u00e0 une quelconque lecture de note.\u00a0Shini&#8217;chi Suzuki a en effet imagin\u00e9 reproduire \u00e0 l&#8217;apprentissage d&#8217;un instrument, la fa\u00e7on dont les enfants apprennent \u00e0 parler leur langue maternelle.<br \/>\n<\/span><\/div>\n<div class=\"OESZ OESZ_DivContent OESZG_WEc7dd4d64ac \"><\/div>\n<\/div>\n<div id=\"WEce8dc4225d\" class=\"BaseDiv RWidth OEWEText OESK_WEText_Default\" style=\"color: #000000;\">\n<div class=\"OESZ OESZ_DivContent OESZG_WEce8dc4225d \"><span class=\"ContentBox\"><span class=\"ContentBox\">Ainsi, les \u00e9l\u00e8ves Suzuki apprennent \u00e0 jouer de la musique avant de savoir la d\u00e9chiffrer, tout comme les enfants apprennent \u00e0 parler avant de savoir lire.<br \/>\nC&#8217;\u00e9tait \u00e0 l&#8217;origine une d\u00e9marche tout \u00e0 fait novatrice, qui venait r\u00e9volutionner les pratiques\u00a0traditionelles de l&#8217;apprentissage de la musique.\u00a0Forc\u00e9ment, \u00e0 d\u00e9faut de partition, la p\u00e9dagogie Suzuki repose sur la capacit\u00e9 de l&#8217;enfant \u00e0 m\u00e9moriser, mais \u00e9galement sur sa\u00a0capacit\u00e9 d&#8217;\u00e9coute : aussi l&#8217;\u00e9coute r\u00e9guli\u00e8re des morceaux que l&#8217;enfant interpr\u00e8te (ou interpr\u00e9tera) fait partie int\u00e9grante de son apprentissage.<\/span><\/span>La p\u00e9dagogie Suzuki repose \u00e9galement sur une grande implication des parents, tout au moins pendant les premi\u00e8res ann\u00e9es. Ceux-ci participent aux cours et sont le relais du professeur aupr\u00e8s de l&#8217;enfant pour l&#8217;aider \u00e0 progresser. Il n&#8217;est d&#8217;ailleurs par rare que les parents apprennent eux aussi \u00e0 pratiquer l&#8217;instrument de leur enfant et poursuive ensuite un apprentissage plus adapt\u00e9 \u00e0 leur \u00e2ge&#8230;<b>Quelques \u00e9l\u00e9ments de la m\u00e9thode Suzuki<br \/>\n<\/b><br \/>\nPlus qu&#8217;une p\u00e9dagogie musicale, la m\u00e9thode Suzuki contribue au d\u00e9veloppement global de l&#8217;enfant. Ce n&#8217;est pas par hasard que Shini&#8217;chi Suzuki avait baptis\u00e9 son mouvement &#8220;Talent Education Movement&#8221;, il s&#8217;agit autant d&#8217;apprendre la musique que d&#8217;apprendre \u00e0 r\u00e9aliser de belles choses. &#8220;D&#8217;un beau coeur sort de la belle musique&#8221; disait souvent le Docteur Suzuki.Voici quelques principes de base de la p\u00e9dagogie Suzuki qui a d\u00e9j\u00e0 fait le tour du monde :<br \/>\n&#8211; Amour, amour, amour : Les encouragements sont cl\u00e9s pour l&#8217;avancement. Un coeur bien cultiv\u00e9 cr\u00e9e un bon ton.<br \/>\n&#8211; Apprentissage de l&#8217;instrument tr\u00e8s t\u00f4t, souvent \u00e0 partir de 3 \u00e0 5 ans : Un enfant commence \u00e0 apprendre d\u00e8s sa naissance sa langue maternelle.<br \/>\n&#8211; Apprentissage avec l&#8217;oreille, et non pas les yeux : Comme un enfant va parler avant de lire, le Dr. Suzuki propose qu&#8217;il apprenne \u00e0 jouer un instrument par l&#8217;oreille avant d&#8217;apprendre le solf\u00e8ge.<br \/>\n&#8211; R\u00e9p\u00e9tition : Un travail quotidien est plus efficace qu&#8217;un travail hebdomadaire. De plus, les r\u00e9p\u00e9rtoires d\u00e9j\u00e0 travaill\u00e9s sont syst\u00e9matiquement revus afin de s&#8217;am\u00e9liorer techniquement et musicalement.<br \/>\n&#8211; Implication des parents : Ce point est cl\u00e9 dans la p\u00e9dagogie Suzuki car c&#8217;est dans un environnement familial favorable que l&#8217;enfant va pouvoir s&#8217;\u00e9panouir et se d\u00e9velopper.<br \/>\n&#8211; Immersion dans la communaut\u00e9 musicale : en assistant aux concerts ou en \u00e9coutant de la musique classique \u00e0 la maison.<br \/>\n&#8211; Cours de groupe : en plus des cours individuels, la p\u00e9dagogie insiste pour que les enfants jouent r\u00e9guli\u00e8rement en petits groupes afin de travailler l&#8217;\u00e9coute et le rythme, et prendre plaisir \u00e0 jouer devant les autres&#8230;.<\/p>\n<\/div>\n<div class=\"OESZ OESZ_DivContent OESZG_WEce8dc4225d \"><\/div>\n<div class=\"OESZ OESZ_DivContent OESZG_WEce8dc4225d \">(pris de la site\u00a0http:\/\/www.imsl.asso.fr\/methode_suzuki.htm)<\/div>\n<\/div>\n","protected":false},"excerpt":{"rendered":"<p>La m\u00e9thode Suzuki est une p\u00e9dagogie d&#8217;apprentissage de la musique mise au point apr\u00e8s la seconde guerre mondiale, puis approfondie pendant les d\u00e9cennies qui ont suivi, par un homme hors du commun, le Docteur Shini&#8217;chi Suzuki.\u00a0Cette p\u00e9dagogie s&#8217;adresse prioritairement aux jeunes enfants. Sa principale caract\u00e9ristique est de d\u00e9buter par la pratique d&#8217;un instrument en tr\u00e8s &hellip; <\/p>\n<p class=\"link-more\"><a href=\"https:\/\/cordessuzuki.com\/?page_id=167\" class=\"more-link\">Continue reading<span class=\"screen-reader-text\"> &#8220;La m\u00e9thode Suzuki, qu&#8217;est-ce que c&#8217;est ?&#8221;<\/span><\/a><\/p>\n","protected":false},"author":1,"featured_media":282,"parent":7,"menu_order":4,"comment_status":"closed","ping_status":"closed","template":"","meta":{"_coblocks_attr":"","_coblocks_dimensions":"","_coblocks_responsive_height":"","_coblocks_accordion_ie_support":"","footnotes":""},"class_list":["post-167","page","type-page","status-publish","has-post-thumbnail","hentry"],"_links":{"self":[{"href":"https:\/\/cordessuzuki.com\/index.php?rest_route=\/wp\/v2\/pages\/167","targetHints":{"allow":["GET"]}}],"collection":[{"href":"https:\/\/cordessuzuki.com\/index.php?rest_route=\/wp\/v2\/pages"}],"about":[{"href":"https:\/\/cordessuzuki.com\/index.php?rest_route=\/wp\/v2\/types\/page"}],"author":[{"embeddable":true,"href":"https:\/\/cordessuzuki.com\/index.php?rest_route=\/wp\/v2\/users\/1"}],"replies":[{"embeddable":true,"href":"https:\/\/cordessuzuki.com\/index.php?rest_route=%2Fwp%2Fv2%2Fcomments&post=167"}],"version-history":[{"count":6,"href":"https:\/\/cordessuzuki.com\/index.php?rest_route=\/wp\/v2\/pages\/167\/revisions"}],"predecessor-version":[{"id":284,"href":"https:\/\/cordessuzuki.com\/index.php?rest_route=\/wp\/v2\/pages\/167\/revisions\/284"}],"up":[{"embeddable":true,"href":"https:\/\/cordessuzuki.com\/index.php?rest_route=\/wp\/v2\/pages\/7"}],"wp:featuredmedia":[{"embeddable":true,"href":"https:\/\/cordessuzuki.com\/index.php?rest_route=\/wp\/v2\/media\/282"}],"wp:attachment":[{"href":"https:\/\/cordessuzuki.com\/index.php?rest_route=%2Fwp%2Fv2%2Fmedia&parent=167"}],"curies":[{"name":"wp","href":"https:\/\/api.w.org\/{rel}","templated":true}]}}