{"id":63,"date":"2014-09-03T16:46:48","date_gmt":"2014-09-03T16:46:48","guid":{"rendered":"https:\/\/cordessuzuki.com\/?page_id=63"},"modified":"2018-08-17T01:39:58","modified_gmt":"2018-08-17T05:39:58","slug":"sessions","status":"publish","type":"page","link":"https:\/\/cordessuzuki.com\/?page_id=63","title":{"rendered":"Sessions"},"content":{"rendered":"<p>Il y a quatre sessions.<br \/>\nSession 1 (5 septembre &#8211; 7 novembre) :\u00a0Il y aura une sortie familiale (au verger) le dimanche 23 septembre. ll y a un cong\u00e9 du 6 au 9 octobre et 17 &#8211; 18 octobre, ainsi que le 31 octobre. Nous f\u00eaterons l&#8217;Halloween le 27 octobre.<\/p>\n<p>Session 2 (8 novembre &#8211; 23 janvier) : Il y a un cong\u00e9 le 20 au 26 novembre. Le concert de No\u00ebl se tiendra le dimanche 9 d\u00e9cembre, et le g\u00e9n\u00e9rale et portes ouvertes de Centre d&#8217;art de Pr\u00e9ville se tiendra le 8 d\u00e9cembre. Le cong\u00e9 de No\u00ebl sera du 23 d\u00e9cembre au 6 janvier.<\/p>\n<p>Session 3 (24 janvier &#8211;\u00a0 31 mars) : Il y a un cong\u00e9 du 14-15 f\u00e9vrier. La\u00a0 rel\u00e2che d&#8217;hiver sera du 1 au 10 mars.<\/p>\n<p>Session 4 (1 avril\u00a0&#8211; 8 juin) : le cong\u00e9 de P\u00e2ques est du 17 mars au 23 avril. Le spectacle de\u00a0th\u00e9\u00e2tre musical (avec l&#8217;orchestre de Saint-Lambert) aura lieu le 19 et 20 avril. Il y a cong\u00e9 du 16 au 22 mai. Le concert de printemps sera pr\u00e9sent\u00e9 le samedi 1 juin.<\/p>\n<p>La saison estivale comprend les cours individuels (sur rendez-vous) et camps d&#8217;\u00e9t\u00e9 en juin, juillet et ao\u00fbt. Il y a d&#8217;excellents camps Suzuki partout en Am\u00e9rique du Nord. Nous sugg\u00e9rons L&#8217;Institut Suzuki Montr\u00e9al qui se tiendra en fin juillet, ou le Camp Musicale P\u00e8re Lindsay qui roule pendant tout l&#8217;\u00e9t\u00e9. Nous souhaitons que tous nos \u00e9l\u00e8ves participent \u00e0 au moins un camp ou institut. Pensons-y d\u00e8s maintenant!<\/p>\n","protected":false},"excerpt":{"rendered":"<p>Il y a quatre sessions. Session 1 (5 septembre &#8211; 7 novembre) :\u00a0Il y aura une sortie familiale (au verger) le dimanche 23 septembre. ll y a un cong\u00e9 du 6 au 9 octobre et 17 &#8211; 18 octobre, ainsi que le 31 octobre. Nous f\u00eaterons l&#8217;Halloween le 27 octobre. Session 2 (8 novembre &#8211; &hellip; <\/p>\n<p class=\"link-more\"><a href=\"https:\/\/cordessuzuki.com\/?page_id=63\" class=\"more-link\">Continue reading<span class=\"screen-reader-text\"> &#8220;Sessions&#8221;<\/span><\/a><\/p>\n","protected":false},"author":1,"featured_media":0,"parent":7,"menu_order":6,"comment_status":"open","ping_status":"open","template":"","meta":{"_coblocks_attr":"","_coblocks_dimensions":"","_coblocks_responsive_height":"","_coblocks_accordion_ie_support":"","footnotes":""},"class_list":["post-63","page","type-page","status-publish","hentry"],"_links":{"self":[{"href":"https:\/\/cordessuzuki.com\/index.php?rest_route=\/wp\/v2\/pages\/63","targetHints":{"allow":["GET"]}}],"collection":[{"href":"https:\/\/cordessuzuki.com\/index.php?rest_route=\/wp\/v2\/pages"}],"about":[{"href":"https:\/\/cordessuzuki.com\/index.php?rest_route=\/wp\/v2\/types\/page"}],"author":[{"embeddable":true,"href":"https:\/\/cordessuzuki.com\/index.php?rest_route=\/wp\/v2\/users\/1"}],"replies":[{"embeddable":true,"href":"https:\/\/cordessuzuki.com\/index.php?rest_route=%2Fwp%2Fv2%2Fcomments&post=63"}],"version-history":[{"count":17,"href":"https:\/\/cordessuzuki.com\/index.php?rest_route=\/wp\/v2\/pages\/63\/revisions"}],"predecessor-version":[{"id":369,"href":"https:\/\/cordessuzuki.com\/index.php?rest_route=\/wp\/v2\/pages\/63\/revisions\/369"}],"up":[{"embeddable":true,"href":"https:\/\/cordessuzuki.com\/index.php?rest_route=\/wp\/v2\/pages\/7"}],"wp:attachment":[{"href":"https:\/\/cordessuzuki.com\/index.php?rest_route=%2Fwp%2Fv2%2Fmedia&parent=63"}],"curies":[{"name":"wp","href":"https:\/\/api.w.org\/{rel}","templated":true}]}}